{"id":187,"date":"2020-12-03T14:03:30","date_gmt":"2020-12-03T13:03:30","guid":{"rendered":"https:\/\/joylandfactory.com\/shop\/"},"modified":"2023-07-20T09:13:54","modified_gmt":"2023-07-20T07:13:54","slug":"sklep","status":"publish","type":"page","link":"https:\/\/joylandfactory.com\/pl\/sklep\/","title":{"rendered":"Sklep"},"content":{"rendered":"<p>[et_pb_section fb_built=&#8221;1&#8243; _builder_version=&#8221;4.16&#8243; _module_preset=&#8221;default&#8221; use_background_color_gradient=&#8221;on&#8221; background_color_gradient_stops=&#8221;#ffffff 82%|#bea88f 82%&#8221; background_color_gradient_start=&#8221;#ffffff&#8221; background_color_gradient_start_position=&#8221;82%&#8221; background_color_gradient_end=&#8221;#bea88f&#8221; background_color_gradient_end_position=&#8221;0%&#8221; custom_padding=&#8221;0px||0px||true|false&#8221; background_last_edited=&#8221;on|tablet&#8221; background_color_gradient_direction_tablet=&#8221;180deg&#8221; global_colors_info=&#8221;{}&#8221;][et_pb_row column_structure=&#8221;1_2,1_2&#8243; make_equal=&#8221;on&#8221; custom_padding_last_edited=&#8221;on|desktop&#8221; _builder_version=&#8221;4.16&#8243; _module_preset=&#8221;default&#8221; background_enable_color=&#8221;off&#8221; background_color_gradient_direction=&#8221;130deg&#8221; custom_padding=&#8221;3vw||3vw||true|false&#8221; custom_padding_tablet=&#8221;15vw||15vw||true|false&#8221; custom_padding_phone=&#8221;&#8221; global_colors_info=&#8221;{}&#8221;][et_pb_column type=&#8221;1_2&#8243; _builder_version=&#8221;4.16&#8243; _module_preset=&#8221;default&#8221; custom_css_main_element=&#8221;display:flex;||flex-direction:column;||justify-content:center;&#8221; global_colors_info=&#8221;{}&#8221;][et_pb_image src=&#8221;https:\/\/joylandfactory.com\/wp-content\/uploads\/2020\/12\/joyland-sygnet3.png&#8221; title_text=&#8221;joyland-sygnet3&#8243; show_bottom_space=&#8221;off&#8221; align_tablet=&#8221;center&#8221; align_phone=&#8221;&#8221; align_last_edited=&#8221;on|tablet&#8221; disabled_on=&#8221;on|on|off&#8221; _builder_version=&#8221;4.16&#8243; _module_preset=&#8221;default&#8221; z_index=&#8221;1&#8243; custom_margin=&#8221;||7px|-24px|false|false&#8221; custom_margin_tablet=&#8221;|||38px|false|false&#8221; custom_margin_phone=&#8221;|||-12px|false|false&#8221; custom_margin_last_edited=&#8221;on|desktop&#8221; locked=&#8221;off&#8221; global_colors_info=&#8221;{}&#8221;][\/et_pb_image][et_pb_text _builder_version=&#8221;4.16&#8243; _dynamic_attributes=&#8221;content&#8221; _module_preset=&#8221;b2265370-bee7-4e08-9059-dfbe0828f6a4&#8243; custom_margin=&#8221;-22px||22px||false|false&#8221; header_text_align_tablet=&#8221;center&#8221; header_text_align_phone=&#8221;&#8221; header_text_align_last_edited=&#8221;on|tablet&#8221; global_colors_info=&#8221;{}&#8221;]@ET-DC@eyJkeW5hbWljIjp0cnVlLCJjb250ZW50IjoicG9zdF90aXRsZSIsInNldHRpbmdzIjp7ImJlZm9yZSI6IjxoMT4iLCJhZnRlciI6IjwvaDE+In19@[\/et_pb_text][et_pb_text _builder_version=&#8221;4.16&#8243; _module_preset=&#8221;b2265370-bee7-4e08-9059-dfbe0828f6a4&#8243; custom_margin=&#8221;-22px||11px||false|false&#8221; header_text_align_tablet=&#8221;center&#8221; header_text_align_phone=&#8221;&#8221; header_text_align_last_edited=&#8221;on|tablet&#8221; text_orientation_tablet=&#8221;center&#8221; text_orientation_phone=&#8221;&#8221; text_orientation_last_edited=&#8221;on|tablet&#8221; global_colors_info=&#8221;{}&#8221;]<\/p>\n<p>Zakup pojedyncze bombki w naszym sklepie internetowym.<\/p>\n<p>[\/et_pb_text][et_pb_button button_url=&#8221;#mc-shop&#8221; button_text=&#8221;Zobacz bombki&#8221; button_alignment=&#8221;left&#8221; button_alignment_tablet=&#8221;center&#8221; button_alignment_phone=&#8221;&#8221; button_alignment_last_edited=&#8221;on|tablet&#8221; _builder_version=&#8221;4.16&#8243; _module_preset=&#8221;668d1626-a281-437f-acb6-178e4a062fca&#8221; custom_margin_tablet=&#8221;20px||||false|false&#8221; custom_margin_phone=&#8221;&#8221; custom_margin_last_edited=&#8221;on|desktop&#8221; global_colors_info=&#8221;{}&#8221;][\/et_pb_button][\/et_pb_column][et_pb_column type=&#8221;1_2&#8243; _builder_version=&#8221;4.16&#8243; _module_preset=&#8221;default&#8221; background_enable_color=&#8221;off&#8221; global_colors_info=&#8221;{}&#8221;][et_pb_shop type=&#8221;featured&#8221; posts_number=&#8221;2&#8243; columns_number=&#8221;2&#8243; disabled_on=&#8221;on|on|off&#8221; _builder_version=&#8221;4.16&#8243; _module_preset=&#8221;default&#8221; custom_css_product=&#8221;background: #FFFFFF;||box-shadow: 2px 7px 9px 0px rgba(134,142,150,0.55);||height: 350px;&#8221; locked=&#8221;off&#8221; global_colors_info=&#8221;{}&#8221; transform_styles__hover_enabled=&#8221;off|desktop&#8221; custom_css_image__hover_enabled=&#8221;on|hover&#8221; custom_css_image__hover=&#8221;transform: scale(1);&#8221;][\/et_pb_shop][\/et_pb_column][\/et_pb_row][\/et_pb_section][et_pb_section fb_built=&#8221;1&#8243; module_id=&#8221;mc-shop&#8221; _builder_version=&#8221;4.16&#8243; _module_preset=&#8221;default&#8221; saved_tabs=&#8221;all&#8221; global_colors_info=&#8221;{}&#8221;][et_pb_row column_structure=&#8221;2_3,1_3&#8243; make_equal=&#8221;on&#8221; _builder_version=&#8221;4.16&#8243; _module_preset=&#8221;default&#8221; background_color=&#8221;#ffffff&#8221; max_width=&#8221;100%&#8221; custom_padding=&#8221;0px||0px||true|false&#8221; global_colors_info=&#8221;{}&#8221;][et_pb_column type=&#8221;2_3&#8243; _builder_version=&#8221;4.16&#8243; _module_preset=&#8221;default&#8221; global_colors_info=&#8221;{}&#8221;][et_pb_shop posts_number=&#8221;24&#8243; show_pagination=&#8221;on&#8221; columns_number=&#8221;4&#8243; _builder_version=&#8221;4.21.0&#8243; _module_preset=&#8221;f18d9448-52bb-421b-827f-ecab62a0ca92&#8243; global_colors_info=&#8221;{}&#8221; transform_styles__hover_enabled=&#8221;off|desktop&#8221;][\/et_pb_shop][\/et_pb_column][et_pb_column type=&#8221;1_3&#8243; _builder_version=&#8221;4.16&#8243; _module_preset=&#8221;default&#8221; global_colors_info=&#8221;{}&#8221;][et_pb_sidebar _builder_version=&#8221;4.21.0&#8243; _module_preset=&#8221;default&#8221; sticky_offset_top=&#8221;25px&#8221; hover_enabled=&#8221;0&#8243; sticky_position_tablet=&#8221;&#8221; sticky_position_phone=&#8221;&#8221; sticky_position_last_edited=&#8221;on|desktop&#8221; global_colors_info=&#8221;{}&#8221; area=&#8221;et_pb_widget_area_3&#8243; sticky_enabled=&#8221;0&#8243;][\/et_pb_sidebar][\/et_pb_column][\/et_pb_row][\/et_pb_section][et_pb_section fb_built=&#8221;1&#8243; _builder_version=&#8221;4.16&#8243; _module_preset=&#8221;default&#8221; global_colors_info=&#8221;{}&#8221;][et_pb_row column_structure=&#8221;1_2,1_2&#8243; make_equal=&#8221;on&#8221; _builder_version=&#8221;4.16&#8243; _module_preset=&#8221;default&#8221; global_colors_info=&#8221;{}&#8221;][et_pb_column type=&#8221;1_2&#8243; _builder_version=&#8221;4.16&#8243; _module_preset=&#8221;default&#8221; global_colors_info=&#8221;{}&#8221;][et_pb_text _builder_version=&#8221;4.16&#8243; _module_preset=&#8221;default&#8221; global_colors_info=&#8221;{}&#8221;]<\/p>\n<h2>Polskie bombki na choink\u0119<\/h2>\n<p>Joyland Factory to fabryka maj\u0105ca swoj\u0105 siedzib\u0119 w Polsce. Od zawsze jeste\u015bmy zwi\u0105zani z tym krajem, dlatego postanowili\u015bmy otworzy\u0107 nasz\u0105 dzia\u0142alno\u015b\u0107 w\u0142a\u015bnie tu. Krzywi\u0144 &#8211; bo tu znajduje si\u0119 nasza fabryka &#8211; po\u0142o\u017cony jest w wojew\u00f3dztwie wielkopolskim, w powiecie ko\u015bcia\u0144skim. Jest to miasto z tradycjami i d\u0142ug\u0105 histori\u0105, dlatego w\u0142a\u015bnie tu powsta\u0142a nasza dzia\u0142alno\u015b\u0107 &#8211; by \u0142\u0105czy\u0107 obyczaj z kultur\u0105. Wytwarzane przez nas bombki pochodz\u0105 w stu procentach st\u0105d, dlatego stanowi\u0105 tak dobry jako\u015bciowo produkt.<\/p>\n<p>Wiele lat temu w Krzywiniu powsta\u0142a nasza fabryka &#8211; wytwarzaj\u0105ca polskie bombki, r\u0119cznie malowane przez naszych pracownik\u00f3w. Dzi\u0119ki kreatywno\u015bci i profesjonalizmowi, kt\u00f3rym cechuje si\u0119 nasza dzia\u0142alno\u015b\u0107, produkowane przez nas dekoracje stanowi\u0105 bardzo warto\u015bciowy produkt. Ich zastosowanie nie sko\u0144czy\u0142o si\u0119 tylko na zdobieniu \u015bwi\u0105tecznego drzewka, ale i r\u00f3wnie\u017c stworzy\u0142o mo\u017cliwo\u015b\u0107 spersonalizowania ich pod upominek czy te\u017c specjalne wymagania naszych klient\u00f3w.<\/p>\n<p>[\/et_pb_text][et_pb_text _builder_version=&#8221;4.16&#8243; _module_preset=&#8221;default&#8221; global_colors_info=&#8221;{}&#8221;]<\/p>\n<h2>Bombki choinkowe<\/h2>\n<p>Najcz\u0119\u015bciej wykonywanym przez nas zadaniem jest tworzenie bombek, przeznaczonych do dekoracji choinek. Wiele z nich jest robionych hurtowo &#8211; tym samym wzorem &#8211; by estetycznie i sp\u00f3jnie m\u00f3c przyozdobi\u0107 wybrane drzewko. Czasami te\u017c wybierane s\u0105 odmienne i kontrastowe dekoracje, by nada\u0107 r\u00f3\u017cnorodno\u015bci danej kompozycji.<\/p>\n<p>Niekiedy te\u017c produkcja bombek nie jest w celu powieszenia ich na choince. Dzi\u0119ki mo\u017cliwo\u015bci personalizacji, coraz cz\u0119\u015bciej wybiera si\u0119 je jako upominek.<\/p>\n<p>[\/et_pb_text][\/et_pb_column][et_pb_column type=&#8221;1_2&#8243; _builder_version=&#8221;4.16&#8243; _module_preset=&#8221;default&#8221; custom_css_main_element=&#8221;display:flex;||flex-direction:column;||justify-content:space-between;&#8221; global_colors_info=&#8221;{}&#8221;][et_pb_text _builder_version=&#8221;4.16&#8243; _module_preset=&#8221;default&#8221; global_colors_info=&#8221;{}&#8221;]<\/p>\n<h2>Polskie bombki r\u0119cznie malowane<\/h2>\n<p>Wszystkie wykonywane przez Joyland Factory produkty s\u0105 robione z jak najwi\u0119ksz\u0105 dok\u0142adno\u015bci\u0105. Tworzenie ozd\u00f3b \u015bwi\u0105tecznych od podstaw pozwala nam na kontrolowanie ich jako\u015bci przez ca\u0142y proces ich powstawania. B\u0119d\u0105c firm\u0105, kt\u00f3ra zyska\u0142a zaufanie wielu klient\u00f3w, nie mo\u017cemy pozwoli\u0107 sobie na cho\u0107by najmniejsze b\u0142\u0119dy, dlatego dopracowanie, w jakim tworzone s\u0105 nasze wyroby, stanowi bardzo wa\u017cny aspekt. Wyznacznikiem, jakim kieruje si\u0119 nasza firma s\u0105 szczeg\u00f3\u0142y, o kt\u00f3re dbamy w jak najwi\u0119kszym stopniu. Tworz\u0105c zam\u00f3wienia detaliczne jak i hurtowe, w ka\u017cdym przypadku wk\u0142adamy w nie tyle samo pracy i serca.[\/et_pb_text][et_pb_text _builder_version=&#8221;4.16&#8243; _module_preset=&#8221;default&#8221; global_colors_info=&#8221;{}&#8221;]<\/p>\n<h2>Polskie bombki szklane<\/h2>\n<p>Nasza dzia\u0142alno\u015b\u0107 od wielu lat zajmuje si\u0119 produkcj\u0105 szklanych bombek. Tradycyjne ich wykonywanie jest nasz\u0105 specjalno\u015bci\u0105, kt\u00f3r\u0105 praktykujemy ju\u017c od samego pocz\u0105tku istnienia Joyland Factory. Umiej\u0119tno\u015bci zdobywane latami przez naszych pracownik\u00f3w, pozwalaj\u0105 nam na unikatowe wykonywanie produkt\u00f3w, co czyni je jedynymi w swoim rodzaju.<br \/> Nasze polskie bombki s\u0105 od wielu lat r\u0119cznie malowane, co pozwala nam zadba\u0107 o ka\u017cdy szczeg\u00f3\u0142. Podtrzymywanie tradycji jest dla nas bardzo wa\u017cnym aspektem, kt\u00f3ry wyr\u00f3\u017cnia nas na tle wielu firm, r\u00f3wnie\u017c zajmuj\u0105cych si\u0119 produkcj\u0105 \u015bwi\u0105tecznych dekoracji.<\/p>\n<p>[\/et_pb_text][\/et_pb_column][\/et_pb_row][et_pb_row _builder_version=&#8221;4.16&#8243; _module_preset=&#8221;default&#8221; global_colors_info=&#8221;{}&#8221;][et_pb_column type=&#8221;4_4&#8243; _builder_version=&#8221;4.16&#8243; _module_preset=&#8221;default&#8221; global_colors_info=&#8221;{}&#8221;][et_pb_text _builder_version=&#8221;4.16&#8243; _module_preset=&#8221;default&#8221; global_colors_info=&#8221;{}&#8221;]<\/p>\n<h2>R\u0119czne malowanie &#8211; tradycja przede wszystkim<\/h2>\n<p>Wszystkie wytwarzane przez nas bombki i dekoracje choinkowe s\u0105 r\u0119cznie malowane. Tak wykonywana praca, pozwala nam na kontrolowanie i staranne wykonanie wszystkich ozd\u00f3b \u015bwi\u0105tecznych, kt\u00f3re produkuje nasza firma. Stosowanie tego zabiegu, umo\u017cliwia nam uzyskanie lepszych wynik\u00f3w pracy, kt\u00f3re w du\u017cym stopniu oddzia\u0142uj\u0105 na og\u00f3lny wygl\u0105d tworzonych przez nas dekoracji.<br \/> Nasze grono do\u015bwiadczonych dekorator\u00f3w i artyst\u00f3w, z jak najwi\u0119ksz\u0105 staranno\u015bci\u0105 wykonuje powierzone im zadania, dlatego tworzone przez nas r\u0119cznie malowane bombki s\u0105 tak ch\u0119tnie wybieranym produktem na rynku. Precyzja, b\u0119d\u0105ca bardzo wa\u017cnym aspektem przy wykonywaniu tego typu prac, jest stawiana u nas na pierwszym miejscu.<br \/> Dekorowane przez nasz\u0105 dzia\u0142alno\u015b\u0107 ozdoby, musz\u0105 dobrze si\u0119 prezentowa\u0107 nie tylko na odleg\u0142o\u015b\u0107, ale r\u00f3wnie\u017c i z bliska, dlatego dba\u0142o\u015b\u0107 o szczeg\u00f3\u0142y w bardzo du\u017cym stopniu oddzia\u0142uje na ko\u0144cowy efekt wykonanej przez nas pracy.<br \/> Utrzymywanie tradycji w po\u0142\u0105czeniu z rodzinnym gronem bardzo pozytywnie wp\u0142ywa na wykonywan\u0105 przez nas prac\u0119, dlatego jest ona tak ceniona na polskim jak i zagranicznym rynku.<\/p>\n<p>[\/et_pb_text][\/et_pb_column][\/et_pb_row][\/et_pb_section]<\/p>\n","protected":false},"excerpt":{"rendered":"<p>Zakup pojedyncze bombki w naszym sklepie internetowym.Polskie bombki na choink\u0119 Joyland Factory to fabryka maj\u0105ca swoj\u0105 siedzib\u0119 w Polsce. Od zawsze jeste\u015bmy zwi\u0105zani z tym krajem, dlatego postanowili\u015bmy otworzy\u0107 nasz\u0105 dzia\u0142alno\u015b\u0107 w\u0142a\u015bnie tu. Krzywi\u0144 &#8211; bo tu znajduje si\u0119 nasza fabryka &#8211; po\u0142o\u017cony jest w wojew\u00f3dztwie wielkopolskim, w powiecie ko\u015bcia\u0144skim. Jest to miasto z tradycjami [&hellip;]<\/p>\n","protected":false},"author":1,"featured_media":0,"parent":0,"menu_order":0,"comment_status":"closed","ping_status":"closed","template":"","meta":{"_et_pb_use_builder":"on","_et_pb_old_content":"","_et_gb_content_width":"","footnotes":""},"class_list":["post-187","page","type-page","status-publish","hentry"],"yoast_head":"<!-- This site is optimized with the Yoast SEO plugin v27.4 - https:\/\/yoast.com\/product\/yoast-seo-wordpress\/ -->\n<title>Sklep - Joyland Factory<\/title>\n<meta name=\"description\" content=\"Sklep - Discover the enchanting world of christmas baubles in Joyland Factory.\" \/>\n<meta name=\"robots\" content=\"index, follow, max-snippet:-1, max-image-preview:large, max-video-preview:-1\" \/>\n<link rel=\"canonical\" href=\"https:\/\/joylandfactory.com\/pl\/sklep\/\" \/>\n<meta property=\"og:locale\" content=\"pl_PL\" \/>\n<meta property=\"og:type\" content=\"article\" \/>\n<meta property=\"og:title\" content=\"Sklep - Joyland Factory\" \/>\n<meta property=\"og:description\" content=\"Sklep - Discover the enchanting world of christmas baubles in Joyland Factory.\" \/>\n<meta property=\"og:url\" content=\"https:\/\/joylandfactory.com\/pl\/sklep\/\" \/>\n<meta property=\"og:site_name\" content=\"Joyland Factory\" \/>\n<meta property=\"article:modified_time\" content=\"2023-07-20T07:13:54+00:00\" \/>\n<meta name=\"twitter:card\" content=\"summary_large_image\" \/>\n<script type=\"application\/ld+json\" class=\"yoast-schema-graph\">{\"@context\":\"https:\\\/\\\/schema.org\",\"@graph\":[{\"@type\":\"WebPage\",\"@id\":\"https:\\\/\\\/joylandfactory.com\\\/pl\\\/sklep\\\/\",\"url\":\"https:\\\/\\\/joylandfactory.com\\\/pl\\\/sklep\\\/\",\"name\":\"Sklep - Joyland Factory\",\"isPartOf\":{\"@id\":\"https:\\\/\\\/joylandfactory.com\\\/#website\"},\"datePublished\":\"2020-12-03T13:03:30+00:00\",\"dateModified\":\"2023-07-20T07:13:54+00:00\",\"description\":\"Sklep - Discover the enchanting world of christmas baubles in Joyland Factory.\",\"breadcrumb\":{\"@id\":\"https:\\\/\\\/joylandfactory.com\\\/pl\\\/sklep\\\/#breadcrumb\"},\"inLanguage\":\"pl-PL\",\"potentialAction\":[{\"@type\":\"ReadAction\",\"target\":[\"https:\\\/\\\/joylandfactory.com\\\/pl\\\/sklep\\\/\"]}]},{\"@type\":\"BreadcrumbList\",\"@id\":\"https:\\\/\\\/joylandfactory.com\\\/pl\\\/sklep\\\/#breadcrumb\",\"itemListElement\":[{\"@type\":\"ListItem\",\"position\":1,\"name\":\"Home\",\"item\":\"https:\\\/\\\/joylandfactory.com\\\/pl\\\/\"},{\"@type\":\"ListItem\",\"position\":2,\"name\":\"Sklep\"}]},{\"@type\":\"WebSite\",\"@id\":\"https:\\\/\\\/joylandfactory.com\\\/#website\",\"url\":\"https:\\\/\\\/joylandfactory.com\\\/\",\"name\":\"Joyland Factory\",\"description\":\"Producent bombek choinkowych oraz okoliczno\u015bciowych\",\"potentialAction\":[{\"@type\":\"SearchAction\",\"target\":{\"@type\":\"EntryPoint\",\"urlTemplate\":\"https:\\\/\\\/joylandfactory.com\\\/?s={search_term_string}\"},\"query-input\":{\"@type\":\"PropertyValueSpecification\",\"valueRequired\":true,\"valueName\":\"search_term_string\"}}],\"inLanguage\":\"pl-PL\"}]}<\/script>\n<!-- \/ Yoast SEO plugin. -->","yoast_head_json":{"title":"Sklep - Joyland Factory","description":"Sklep - Discover the enchanting world of christmas baubles in Joyland Factory.","robots":{"index":"index","follow":"follow","max-snippet":"max-snippet:-1","max-image-preview":"max-image-preview:large","max-video-preview":"max-video-preview:-1"},"canonical":"https:\/\/joylandfactory.com\/pl\/sklep\/","og_locale":"pl_PL","og_type":"article","og_title":"Sklep - Joyland Factory","og_description":"Sklep - Discover the enchanting world of christmas baubles in Joyland Factory.","og_url":"https:\/\/joylandfactory.com\/pl\/sklep\/","og_site_name":"Joyland Factory","article_modified_time":"2023-07-20T07:13:54+00:00","twitter_card":"summary_large_image","schema":{"@context":"https:\/\/schema.org","@graph":[{"@type":"WebPage","@id":"https:\/\/joylandfactory.com\/pl\/sklep\/","url":"https:\/\/joylandfactory.com\/pl\/sklep\/","name":"Sklep - Joyland Factory","isPartOf":{"@id":"https:\/\/joylandfactory.com\/#website"},"datePublished":"2020-12-03T13:03:30+00:00","dateModified":"2023-07-20T07:13:54+00:00","description":"Sklep - Discover the enchanting world of christmas baubles in Joyland Factory.","breadcrumb":{"@id":"https:\/\/joylandfactory.com\/pl\/sklep\/#breadcrumb"},"inLanguage":"pl-PL","potentialAction":[{"@type":"ReadAction","target":["https:\/\/joylandfactory.com\/pl\/sklep\/"]}]},{"@type":"BreadcrumbList","@id":"https:\/\/joylandfactory.com\/pl\/sklep\/#breadcrumb","itemListElement":[{"@type":"ListItem","position":1,"name":"Home","item":"https:\/\/joylandfactory.com\/pl\/"},{"@type":"ListItem","position":2,"name":"Sklep"}]},{"@type":"WebSite","@id":"https:\/\/joylandfactory.com\/#website","url":"https:\/\/joylandfactory.com\/","name":"Joyland Factory","description":"Producent bombek choinkowych oraz okoliczno\u015bciowych","potentialAction":[{"@type":"SearchAction","target":{"@type":"EntryPoint","urlTemplate":"https:\/\/joylandfactory.com\/?s={search_term_string}"},"query-input":{"@type":"PropertyValueSpecification","valueRequired":true,"valueName":"search_term_string"}}],"inLanguage":"pl-PL"}]}},"_links":{"self":[{"href":"https:\/\/joylandfactory.com\/pl\/wp-json\/wp\/v2\/pages\/187","targetHints":{"allow":["GET"]}}],"collection":[{"href":"https:\/\/joylandfactory.com\/pl\/wp-json\/wp\/v2\/pages"}],"about":[{"href":"https:\/\/joylandfactory.com\/pl\/wp-json\/wp\/v2\/types\/page"}],"author":[{"embeddable":true,"href":"https:\/\/joylandfactory.com\/pl\/wp-json\/wp\/v2\/users\/1"}],"replies":[{"embeddable":true,"href":"https:\/\/joylandfactory.com\/pl\/wp-json\/wp\/v2\/comments?post=187"}],"version-history":[{"count":19,"href":"https:\/\/joylandfactory.com\/pl\/wp-json\/wp\/v2\/pages\/187\/revisions"}],"predecessor-version":[{"id":4319,"href":"https:\/\/joylandfactory.com\/pl\/wp-json\/wp\/v2\/pages\/187\/revisions\/4319"}],"wp:attachment":[{"href":"https:\/\/joylandfactory.com\/pl\/wp-json\/wp\/v2\/media?parent=187"}],"curies":[{"name":"wp","href":"https:\/\/api.w.org\/{rel}","templated":true}]}}