{"id":1027,"date":"2021-03-09T10:17:38","date_gmt":"2021-03-09T09:17:38","guid":{"rendered":"https:\/\/joylandfactory.com\/?page_id=1027"},"modified":"2022-05-12T14:07:24","modified_gmt":"2022-05-12T12:07:24","slug":"polityka-prywatnosci","status":"publish","type":"page","link":"https:\/\/joylandfactory.com\/pl\/polityka-prywatnosci\/","title":{"rendered":"Polityka Prywatno\u015bci"},"content":{"rendered":"<p>[et_pb_section fb_built=&#8221;1&#8243; admin_label=&#8221;section&#8221; _builder_version=&#8221;4.16&#8243; global_colors_info=&#8221;{}&#8221;][et_pb_row admin_label=&#8221;row&#8221; _builder_version=&#8221;4.16&#8243; background_size=&#8221;initial&#8221; background_position=&#8221;top_left&#8221; background_repeat=&#8221;repeat&#8221; global_colors_info=&#8221;{}&#8221;][et_pb_column type=&#8221;4_4&#8243; _builder_version=&#8221;4.16&#8243; custom_padding=&#8221;|||&#8221; global_colors_info=&#8221;{}&#8221; custom_padding__hover=&#8221;|||&#8221;][et_pb_text _builder_version=&#8221;4.17.3&#8243; _module_preset=&#8221;default&#8221; hover_enabled=&#8221;0&#8243; global_colors_info=&#8221;{}&#8221; sticky_enabled=&#8221;0&#8243;]<\/p>\n<h1>Polityka Prywatno\u015bci<\/h1>\n<p>Informacja dotycz\u0105ca przetwarzania danych osobowych \u2013 klauzula informacyjna<\/p>\n<p>Niniejsza informacja zosta\u0142a sporz\u0105dzona, w celu potwierdzenia, \u017ce Twoje dane osobowe s\u0105 przetwarzane, ale r\u00f3wnie\u017c zabezpieczone zgodnie z wymogami prawa, dotycz\u0105cymi zasad przetwarzania i zabezpieczenia danych, w tym w szczeg\u00f3lno\u015bci s\u0105 one przetwarzane zgodnie z Rozporz\u0105dzeniem Parlamentu Europejskiego i Rady (UE) 2016\/679 z 27 kwietnia 2016 r. w sprawie ochrony os\u00f3b fizycznych w zwi\u0105zku z przetwarzaniem danych osobowych i w sprawie swobodnego przep\u0142ywu takich danych oraz uchylenia dyrektywy 95\/46\/WE (og\u00f3lne rozporz\u0105dzenie o ochronie danych). Uprzejmie prosimy o zapoznanie si\u0119 z poni\u017cszymi informacjami.<\/p>\n<p>Jakie dane przetwarzamy?<br \/>1. Chodzi o dane osobowe, czyli informacje na podstawie kt\u00f3rych jeste\u015bmy w stanie Ci\u0119 zidentyfikowa\u0107, s\u0105 one zbierane w zwi\u0105zku z zawart\u0105 przez Ciebie umow\u0105.<br \/>2. W przypadku naszych Klient\u00f3w przetwarzamy:<br \/>a) Imi\u0119 oraz nazwisko,<br \/>b) Adres zamieszkania oraz adres do korespondencji,<br \/>c) Numer PESEL,<br \/>d) Numer NIP,<br \/>e) Numer telefonu,<br \/>f) Adres poczty internetowej,<br \/>g) Informacje dot. sytuacji finansowej,<br \/>h) Lokalizacja,<br \/>i) Inne dane niezb\u0119dne do wykonania umowy z klientem.<br \/>3. W przypadku naszych pracownik\u00f3w lub wsp\u00f3\u0142pracownik\u00f3w przetwarzamy:<br \/>a) Imi\u0119 oraz nazwisko,<br \/>b) Adres zamieszkania oraz adres do korespondencji,<br \/>c) Numer PESEL,<br \/>d) Numer NIP,<br \/>e) Numer telefonu,<br \/>f) Adres poczty internetowej,<br \/>g) Stan cywilny,<br \/>h) Dane medyczne dot. stanu zdrowia w zakresie udost\u0119pnionym przez pracownika,<br \/>i) P\u0142e\u0107,<br \/>j) Wiek,<br \/>k) Inne wynikaj\u0105ce z obowi\u0105zuj\u0105cych przepis\u00f3w prawa.<br \/>4. W przypadku naszych kontrahent\u00f3w przetwarzamy:<br \/>a) Imi\u0119, nazwisko oraz nazw\u0119,<br \/>b) Adres zamieszkania oraz adres do korespondencji,<br \/>c) Numer PESEL,<br \/>d) Numer NIP,<br \/>e) Numer telefonu,<br \/>f) Adres poczty internetowej,<br \/>g) Dane os\u00f3b kontaktowych.<\/p>\n<p>Kto jest Administratorem Twoich danych osobowych ?<br \/>1. Administratorem Twoich danych jest JOYLAND FACTORY SP. Z O.O., ul. Ksi\u0119dza Nawrockiego 27, 64-010 Krzywi\u0144,<br \/>NIP: 698-18-47-637 oraz nasi Zaufani partnerzy.<br \/>2. W sprawie zwi\u0105zanej z Twoimi danymi prosz\u0119 o kontakt pod mailem office@joylandfactory.com.<\/p>\n<p>Jaki jest cel przetwarzania Twoich danych?<br \/>Przetwarzamy te dane w celu:<br \/>1. realizacji umowy w zakresie nipezb\u0119dnym do jej wykonania;<br \/>2. realizacji Twojego zg\u0142oszenia przes\u0142anego m.in. za pomoc\u0105 strony internetowej, a tak\u017ce um\u00f3wienia i przeprowadzenia spotkania,<br \/>3. przyj\u0119cia Twojego zg\u0142oszenia telefonicznego, a tak\u017ce um\u00f3wienia i przeprowadzenia spotkania,<br \/>4. czynno\u015bci poprzedzaj\u0105cych zwi\u0105zanych z zawarciem, wykonywaniem, lub rozwi\u0105zaniem umowy oraz wykonywaniem innych czynno\u015bci zwi\u0105zanych z umow\u0105, w tym czynno\u015bci poprzedzaj\u0105cych jej zawarcie;<br \/>5. wykonywania obowi\u0105zku prawnego. Obowi\u0105zki takie wynikaj\u0105 z przepis\u00f3w prawa, w tym: przepis\u00f3w prawa unijnego lub prawa polskiego. Obowi\u0105zki takie mog\u0105 wynika\u0107 mi\u0119dzy innymi z prawa podatkowego, przepis\u00f3w o rachunkowo\u015bci lub przepis\u00f3w, kt\u00f3re dotycz\u0105 przeciwdzia\u0142ania czynom zabronionym przez prawo lub nak\u0142adaj\u0105cych obowi\u0105zki. Ponadto, Sp\u00f3\u0142ka ma prawo przetwarza\u0107 dane, aby wykona\u0107 obowi\u0105zki wynikaj\u0105ce z decyzji, orzecze\u0144, zalece\u0144 lub rekomendacji wydanych przez uprawnione organy;<br \/>6. wykonywania prawnie uzasadnionych interes\u00f3w Sp\u00f3\u0142ki, kt\u00f3re zosta\u0142y wskazane powy\u017cej, a tak\u017ce takich interes\u00f3w jak:<br \/>a) zapewnienie bezpiecze\u0144stwa os\u00f3b (przede wszystkim Klient\u00f3w oraz pracownik\u00f3w) i mienia Sp\u00f3\u0142ki,<br \/>b) dochodzenia lub obrony w sprawie roszcze\u0144 lub praw Sp\u00f3\u0142ki lub podmiotu, kt\u00f3ry jest przedstawicielem Sp\u00f3\u0142ki.<br \/>7. w celu post\u0119powania rekrutacyjnego, w przypadku jego przeprowadzenia przez Sp\u00f3\u0142k\u0119, w zakresie danych wynikaj\u0105cych z obowi\u0105zuj\u0105cych przepis\u00f3w prawa;<br \/>8. w przypadku pracownik\u00f3w lub wsp\u00f3\u0142pracownik\u00f3w przetwarzamy dane w celu realizacji zawartej w Tob\u0105 umowy zlecenie lub wsp\u00f3\u0142pracy;<br \/>9. w celu monitorowania bezpiecze\u0144stwa w przedsi\u0119biorstwie.<br \/>10. Twoje dane b\u0119d\u0105 r\u00f3wnie\u017c przetwarzane w spos\u00f3b zautomatyzowany w tym r\u00f3wnie\u017c w formie profilowania. Zautomatyzowane podejmowanie decyzji b\u0119dzie odbywa\u0142o si\u0119 poprzez ocen\u0119 czynnik\u00f3w dotycz\u0105cych profilowanej osoby.<\/p>\n<p>Inne cele przetwarzania danych<br \/>Powy\u017cej przedstawili\u015bmy pierwszorz\u0119dne cele przetwarzania danych. Sp\u00f3\u0142ka mo\u017ce przetwarza\u0107 dane w innych drugorz\u0119dnych celach \u2013 je\u015bli obydwa cele s\u0105 ze sob\u0105 powi\u0105zane. Przewiduje si\u0119 nast\u0119puj\u0105ce cele drugorz\u0119dne:<br \/>1. przeniesienie danych do archiwum;<br \/>2. audyty lub post\u0119powania wyja\u015bniaj\u0105ce;<br \/>3. wdro\u017cenie mechanizm\u00f3w kontroli biznesowej oraz zarz\u0105dczej;<br \/>4. pozosta\u0142e badania statystyczne lub badania historyczne lub naukowe;<br \/>5. doradztwo biznesowe, ekonomiczne lub prawne, kt\u00f3re jest \u015bwiadczone dla Sp\u00f3\u0142ki.<\/p>\n<p>Jak d\u0142ugo b\u0119dziemy przetwarza\u0107 Twoje dane?<br \/>Zasadniczo Twoje dane b\u0119dziemy przetwarza\u0107 tak d\u0142ugo, jak to wynika z zawartej umowy, a maksymalny niezb\u0119dny okres przetwarzania Twoich danych to 10 lat. Po up\u0142ywie czasu przetwarzania Twoich danych osobowych w zwi\u0105zku z zawart\u0105 umow\u0105 Twoje dane zostan\u0105 przez nas usuni\u0119te niezw\u0142ocznie, w terminie operacyjnie niezb\u0119dnym na usuni\u0119cie Twoich danych z naszych zasob\u00f3w.<br \/>Okres przetwarzania Twoich danych jest jednak zale\u017cny od celu, w jakim zostan\u0105 zebrane i b\u0119d\u0105 przetwarzane, od przepis\u00f3w prawa lub przyj\u0119tych przez Sp\u00f3\u0142k\u0119, zgodnie z tymi przepisami metod lub modeli, a tak\u017ce zg\u00f3d i innych Twoich o\u015bwiadcze\u0144. B\u0119dziemy przetwarza\u0107 dane zwi\u0105zane z:<br \/>1. umow\u0105 \u2013 przez czas obowi\u0105zywania umowy, a po jej rozwi\u0105zaniu do up\u0142ywu okresu przedawnienia roszcze\u0144 wynikaj\u0105cych z umowy oraz termin\u00f3w przetwarzania danych osobowych wynikaj\u0105cych z przepis\u00f3w prawa lub Twoich zg\u00f3d;<br \/>2. inn\u0105 czynno\u015bci\u0105 prawn\u0105 \u2013 przez czas niezb\u0119dny do rozpatrzenia wniosku, przygotowania do wykonania danej czynno\u015bci, a je\u015bli czynno\u015b\u0107 ta dochodzi do skutku &#8211; przez czas niezb\u0119dny do jej wykonania. Je\u015bli czynno\u015b\u0107 nie dosz\u0142a do skutku, przetwarzamy dane przez 10 lat od dnia zebrania danych lub okres d\u0142u\u017cszy, je\u015bli inny termin przetwarzania danych osobowych wynika z przepis\u00f3w prawa lub Twojej zgody;<br \/>3. danymi archiwalnymi \u2013 po wyga\u015bni\u0119ciu danej relacji prawnej (czyli np. umowy), dane osobowe s\u0105 przetwarzane przez okres do 10 lat, chyba \u017ce przepisy prawa przewiduj\u0105 inny okres. Je\u015bli toczy si\u0119 sp\u00f3r, proces s\u0105dowy lub trwa inne post\u0119powanie (szczeg\u00f3lnie karne), okres archiwizacyjny b\u0119dzie liczony od dnia prawomocnego zako\u0144czenia sporu, a w przypadku wielu post\u0119powa\u0144 &#8211; prawomocnego zako\u0144czenia ostatniego z nich, bez wzgl\u0119du na spos\u00f3b jego zako\u0144czenia, chyba \u017ce przepisy prawa przewiduj\u0105 d\u0142u\u017cszy okres przechowywania danych lub d\u0142u\u017cszy okres przedawnienia dla roszcze\u0144\/prawa, kt\u00f3rego dotyczy post\u0119powanie;<br \/>4. orzeczeniem s\u0105dowym \u2013 dane mog\u0105 by\u0107 przetwarzane do 10 lat od dnia wydania prawomocnego orzeczenia ko\u0144cz\u0105cego post\u0119powanie;<br \/>5. zgod\u0105 \u2013 przez czas wskazany w o\u015bwiadczeniu o zgodzie, w ka\u017cdym przypadku do czasu odwo\u0142ania zgody;<br \/>6. w przypadku pracownik\u00f3w lub wsp\u00f3\u0142pracownik\u00f3w Twoje dane b\u0119dziemy przetwarza\u0107 tak d\u0142ugo jak wymagaj\u0105 tego przepisy Kodeksu pracy i ustawy powi\u0105zane. Maksymalny niezb\u0119dny okres przetwarzania Twoich danych to 50 lat;<br \/>7. twoje dane z monitoringu wizyjnego b\u0119dziemy przetwarza\u0107 maksymalnie do 30 dni.<\/p>\n<p>Wspomniane okresy nie sumuj\u0105 si\u0119. Dane mog\u0105 by\u0107 przetwarzane oddzielnie wed\u0142ug poszczeg\u00f3lnych cel\u00f3w i podstawy prawnej, przy czym mo\u017cesz zawsze wycofa\u0107 wszystkie lub tylko niekt\u00f3re zgody lub upowa\u017cnienia.<\/p>\n<p>Jakie s\u0105 podstawy prawne przetwarzania Twoich danych?<br \/>Ka\u017cde przetwarzanie Twoich danych musi by\u0107 oparte na w\u0142a\u015bciwej, zgodnej z obowi\u0105zuj\u0105cymi przepisami, podstawie prawnej. Podstaw\u0105 prawn\u0105 przetwarzania Twoich danych dot. zg\u0142oszenia jest udzielona przez Ciebie zgoda na ich przetwarzanie w zwi\u0105zku ze zg\u0142oszeniem.<br \/>Podstaw\u0105 prawn\u0105 przetwarzania Twoich danych w celu wykonania umowy jest niezb\u0119dno\u015b\u0107 tych danych do wykonania umowy. Przetwarzanie Twoich danych w celach analitycznych b\u0119dzie odbywa\u0107 si\u0119 na podstawie Twojej dobrowolnej zgody lub w ramach dozwolonego u\u017cytku administratora danych.<br \/>W przypadku pracownik\u00f3w i wsp\u00f3\u0142pracownik\u00f3w Twoje dane przetwarzane b\u0119d\u0105 ze wzgl\u0119du na fakt, i\u017c ich przetwarzanie jest niezb\u0119dne do:<br \/>1. wykonania umowy, kt\u00f3rej jeste\u015b stron\u0105 lub do podj\u0119cia dzia\u0142a\u0144 na Twoje \u017c\u0105danie przed zawarciem umowy;<br \/>2. wype\u0142nienia obowi\u0105zku prawnego ci\u0105\u017c\u0105cego na administratorze;<br \/>3. do cel\u00f3w wynikaj\u0105cych z prawnie uzasadnionych interes\u00f3w realizowanych przez administratora lub przez stron\u0119 trzeci\u0105, z wyj\u0105tkiem sytuacji, w kt\u00f3rych nadrz\u0119dny charakter wobec tych interes\u00f3w maj\u0105 interesy lub podstawowe prawa i wolno\u015bci osoby, kt\u00f3rej dane dotycz\u0105, wymagaj\u0105ce ochrony danych osobowych, w szczeg\u00f3lno\u015bci gdy osoba, kt\u00f3rej dane dotycz\u0105, jest dzieckiem.<\/p>\n<p>Komu mo\u017cemy przekaza\u0107 dane?<br \/>Zgodnie z obowi\u0105zuj\u0105cym prawem Twoje dane mo\u017cemy przekazywa\u0107 podmiotom przetwarzaj\u0105cym je na nasze zlecenie zgodnie z zawart\u0105 umow\u0105 np. podwykonawcom naszych us\u0142ug, pracownikom Administratora oraz podmiotom uprawnionym do uzyskania danych na podstawie obowi\u0105zuj\u0105cego prawa np. s\u0105dy lub organy \u015bcigania (tylko w przypadku wyst\u0105pienia z \u017c\u0105daniem z podaniem stosownej podstawy prawnej). Jednocze\u015bnie Pa\u0144stwa dane mog\u0105 by\u0107 przekazywane do pa\u0144stw trzecich tzn. poza terytorium Unii Europejskiej poprzez serwery google w tym gmail.com.<br \/>Oznacza to, \u017ce dane osobowe b\u0119dziemy mogli przekazywa\u0107 do organ\u00f3w lub podmiot\u00f3w:<br \/>1. kt\u00f3re s\u0105 upowa\u017cnione na podstawie przepis\u00f3w prawa;<br \/>2. kt\u00f3rym dane zosta\u0142y udost\u0119pnione lub kt\u00f3rym dane osobowe zosta\u0142y powierzone na podstawie zawartych um\u00f3w o \u015bwiadczenie us\u0142ug lub um\u00f3w outsourcingu us\u0142ug, m.in. podmiotom \u015bwiadcz\u0105cym: us\u0142ugi archiwizacyjne, us\u0142ugi IT, us\u0142ugi serwisowe, us\u0142ugi ksi\u0119gowe i kadrowe, us\u0142ugi w zakresie administrowania, us\u0142ugi kancelaryjne, us\u0142ugi prawne, us\u0142ugi pocztowe i kurierskie, us\u0142ugi transportowe;<br \/>3. kt\u00f3rym dane mog\u0105 by\u0107 przekazane na podstawie Twojej zgody lub upowa\u017cnienia.<br \/>Odbiorcami danych mog\u0105 by\u0107 zaufane podmioty wsp\u00f3\u0142pracuj\u0105ce ze sp\u00f3\u0142k\u0105 na podstawie zawartych um\u00f3w o powierzenie przetwarzania danych albo inne podmioty kt\u00f3rym dane te zosta\u0142y udost\u0119pnione, sprzedane lub w inny spos\u00f3b przekazane.<\/p>\n<p>Jakie s\u0105 Twoje prawa i obowi\u0105zki w zwi\u0105zku z przetwarzaniem Twoich danych osobowych?<br \/>1. Masz prawo do \u017c\u0105dania od Administratora Danych Osobowych dost\u0119pu do Twoich danych, ich sprostowania czyli aktualizacji, usuni\u0119cia lub ograniczenia ich przetwarzania (o ile nie stoi to na przeszkodzie realizacji umowy, kt\u00f3ra ma zosta\u0107 wykonana), jak i prawo do przenoszenia danych. Mo\u017cesz tak\u017ce cofn\u0105\u0107 zgod\u0119 na przetwarzanie Twoich danych, ale tylko je\u017celi przetwarzamy Twoje dane na podstawie udzielonej zgody, w ka\u017cdym czasie poprzez wniesienie sprzeciwu wobec przetwarzania twoich danych przez Administratora.<br \/>2. Prawo wniesienia sprzeciwu wobec okre\u015blonego przetwarzania danych. Sprzeciw zostanie rozpatrzony przez Sp\u00f3\u0142k\u0119.<br \/>3. Prawo przenoszenia danych lub uzyskania kopii danych \u2013 z tym, \u017ce prawo to nie mo\u017ce niekorzystnie wp\u0142ywa\u0107 na prawa i wolno\u015bci innych os\u00f3b, w tym tajemnic handlowych lub w\u0142asno\u015bci intelektualnej i b\u0119dzie ono realizowane w zakresie technicznie mo\u017cliwym. Pierwsza kopia danych jest bezp\u0142atna. Dla przeniesienia danych, z uwagi na inne przepisy prawa, mo\u017ce by\u0107 wymagane uzyskanie odr\u0119bnej zgody lub innej osoby lub spe\u0142nienie innych warunk\u00f3w wymaganych tymi przepisami. Wnioski w sprawie realizacji praw mo\u017cna sk\u0142ada\u0107 pisemnie na adres Sp\u00f3\u0142ki.<br \/>4. W przypadku przetwarzania danych osobowych na podstawie umowy masz obowi\u0105zek przekaza\u0107 t\u0119 klauzul\u0119 informacyjn\u0105 r\u00f3wnie\u017c osobom i podmiotom, kt\u00f3rych dane przeka\u017cesz Administratorowi.<br \/>5. Masz prawo wniesienia skargi do Prezesa Urz\u0119du Ochrony Danych Osobowych, gdy uznasz, i\u017c przetwarzanie przez nas Twoich danych osobowych narusza przepisy og\u00f3lnego rozporz\u0105dzenia o ochronie danych osobowych z dnia 27 kwietnia 2016 r.<\/p>\n<p>[\/et_pb_text][\/et_pb_column][\/et_pb_row][\/et_pb_section]<\/p>\n","protected":false},"excerpt":{"rendered":"<p>Polityka Prywatno\u015bci Informacja dotycz\u0105ca przetwarzania danych osobowych \u2013 klauzula informacyjna Niniejsza informacja zosta\u0142a sporz\u0105dzona, w celu potwierdzenia, \u017ce Twoje dane osobowe s\u0105 przetwarzane, ale r\u00f3wnie\u017c zabezpieczone zgodnie z wymogami prawa, dotycz\u0105cymi zasad przetwarzania i zabezpieczenia danych, w tym w szczeg\u00f3lno\u015bci s\u0105 one przetwarzane zgodnie z Rozporz\u0105dzeniem Parlamentu Europejskiego i Rady (UE) 2016\/679 z 27 kwietnia [&hellip;]<\/p>\n","protected":false},"author":1,"featured_media":0,"parent":0,"menu_order":0,"comment_status":"closed","ping_status":"closed","template":"","meta":{"_et_pb_use_builder":"on","_et_pb_old_content":"<!-- wp:divi\/placeholder \/-->","_et_gb_content_width":"","footnotes":""},"class_list":["post-1027","page","type-page","status-publish","hentry"],"yoast_head":"<!-- This site is optimized with the Yoast SEO plugin v27.4 - https:\/\/yoast.com\/product\/yoast-seo-wordpress\/ -->\n<title>Polityka Prywatno\u015bci - Joyland Factory<\/title>\n<meta name=\"description\" content=\"Polityka Prywatno\u015bci - Discover the enchanting world of christmas baubles in Joyland Factory.\" \/>\n<meta name=\"robots\" content=\"index, follow, max-snippet:-1, max-image-preview:large, max-video-preview:-1\" \/>\n<link rel=\"canonical\" href=\"https:\/\/joylandfactory.com\/pl\/polityka-prywatnosci\/\" \/>\n<meta property=\"og:locale\" content=\"pl_PL\" \/>\n<meta property=\"og:type\" content=\"article\" \/>\n<meta property=\"og:title\" content=\"Polityka Prywatno\u015bci - Joyland Factory\" \/>\n<meta property=\"og:description\" content=\"Polityka Prywatno\u015bci - Discover the enchanting world of christmas baubles in Joyland Factory.\" \/>\n<meta property=\"og:url\" content=\"https:\/\/joylandfactory.com\/pl\/polityka-prywatnosci\/\" \/>\n<meta property=\"og:site_name\" content=\"Joyland Factory\" \/>\n<meta property=\"article:modified_time\" content=\"2022-05-12T12:07:24+00:00\" \/>\n<meta name=\"twitter:card\" content=\"summary_large_image\" \/>\n<script type=\"application\/ld+json\" class=\"yoast-schema-graph\">{\"@context\":\"https:\\\/\\\/schema.org\",\"@graph\":[{\"@type\":\"WebPage\",\"@id\":\"https:\\\/\\\/joylandfactory.com\\\/pl\\\/polityka-prywatnosci\\\/\",\"url\":\"https:\\\/\\\/joylandfactory.com\\\/pl\\\/polityka-prywatnosci\\\/\",\"name\":\"Polityka Prywatno\u015bci - Joyland Factory\",\"isPartOf\":{\"@id\":\"https:\\\/\\\/joylandfactory.com\\\/#website\"},\"datePublished\":\"2021-03-09T09:17:38+00:00\",\"dateModified\":\"2022-05-12T12:07:24+00:00\",\"description\":\"Polityka Prywatno\u015bci - Discover the enchanting world of christmas baubles in Joyland Factory.\",\"breadcrumb\":{\"@id\":\"https:\\\/\\\/joylandfactory.com\\\/pl\\\/polityka-prywatnosci\\\/#breadcrumb\"},\"inLanguage\":\"pl-PL\",\"potentialAction\":[{\"@type\":\"ReadAction\",\"target\":[\"https:\\\/\\\/joylandfactory.com\\\/pl\\\/polityka-prywatnosci\\\/\"]}]},{\"@type\":\"BreadcrumbList\",\"@id\":\"https:\\\/\\\/joylandfactory.com\\\/pl\\\/polityka-prywatnosci\\\/#breadcrumb\",\"itemListElement\":[{\"@type\":\"ListItem\",\"position\":1,\"name\":\"Home\",\"item\":\"https:\\\/\\\/joylandfactory.com\\\/pl\\\/\"},{\"@type\":\"ListItem\",\"position\":2,\"name\":\"Polityka Prywatno\u015bci\"}]},{\"@type\":\"WebSite\",\"@id\":\"https:\\\/\\\/joylandfactory.com\\\/#website\",\"url\":\"https:\\\/\\\/joylandfactory.com\\\/\",\"name\":\"Joyland Factory\",\"description\":\"Producent bombek choinkowych oraz okoliczno\u015bciowych\",\"potentialAction\":[{\"@type\":\"SearchAction\",\"target\":{\"@type\":\"EntryPoint\",\"urlTemplate\":\"https:\\\/\\\/joylandfactory.com\\\/?s={search_term_string}\"},\"query-input\":{\"@type\":\"PropertyValueSpecification\",\"valueRequired\":true,\"valueName\":\"search_term_string\"}}],\"inLanguage\":\"pl-PL\"}]}<\/script>\n<!-- \/ Yoast SEO plugin. -->","yoast_head_json":{"title":"Polityka Prywatno\u015bci - Joyland Factory","description":"Polityka Prywatno\u015bci - Discover the enchanting world of christmas baubles in Joyland Factory.","robots":{"index":"index","follow":"follow","max-snippet":"max-snippet:-1","max-image-preview":"max-image-preview:large","max-video-preview":"max-video-preview:-1"},"canonical":"https:\/\/joylandfactory.com\/pl\/polityka-prywatnosci\/","og_locale":"pl_PL","og_type":"article","og_title":"Polityka Prywatno\u015bci - Joyland Factory","og_description":"Polityka Prywatno\u015bci - Discover the enchanting world of christmas baubles in Joyland Factory.","og_url":"https:\/\/joylandfactory.com\/pl\/polityka-prywatnosci\/","og_site_name":"Joyland Factory","article_modified_time":"2022-05-12T12:07:24+00:00","twitter_card":"summary_large_image","schema":{"@context":"https:\/\/schema.org","@graph":[{"@type":"WebPage","@id":"https:\/\/joylandfactory.com\/pl\/polityka-prywatnosci\/","url":"https:\/\/joylandfactory.com\/pl\/polityka-prywatnosci\/","name":"Polityka Prywatno\u015bci - Joyland Factory","isPartOf":{"@id":"https:\/\/joylandfactory.com\/#website"},"datePublished":"2021-03-09T09:17:38+00:00","dateModified":"2022-05-12T12:07:24+00:00","description":"Polityka Prywatno\u015bci - Discover the enchanting world of christmas baubles in Joyland Factory.","breadcrumb":{"@id":"https:\/\/joylandfactory.com\/pl\/polityka-prywatnosci\/#breadcrumb"},"inLanguage":"pl-PL","potentialAction":[{"@type":"ReadAction","target":["https:\/\/joylandfactory.com\/pl\/polityka-prywatnosci\/"]}]},{"@type":"BreadcrumbList","@id":"https:\/\/joylandfactory.com\/pl\/polityka-prywatnosci\/#breadcrumb","itemListElement":[{"@type":"ListItem","position":1,"name":"Home","item":"https:\/\/joylandfactory.com\/pl\/"},{"@type":"ListItem","position":2,"name":"Polityka Prywatno\u015bci"}]},{"@type":"WebSite","@id":"https:\/\/joylandfactory.com\/#website","url":"https:\/\/joylandfactory.com\/","name":"Joyland Factory","description":"Producent bombek choinkowych oraz okoliczno\u015bciowych","potentialAction":[{"@type":"SearchAction","target":{"@type":"EntryPoint","urlTemplate":"https:\/\/joylandfactory.com\/?s={search_term_string}"},"query-input":{"@type":"PropertyValueSpecification","valueRequired":true,"valueName":"search_term_string"}}],"inLanguage":"pl-PL"}]}},"_links":{"self":[{"href":"https:\/\/joylandfactory.com\/pl\/wp-json\/wp\/v2\/pages\/1027","targetHints":{"allow":["GET"]}}],"collection":[{"href":"https:\/\/joylandfactory.com\/pl\/wp-json\/wp\/v2\/pages"}],"about":[{"href":"https:\/\/joylandfactory.com\/pl\/wp-json\/wp\/v2\/types\/page"}],"author":[{"embeddable":true,"href":"https:\/\/joylandfactory.com\/pl\/wp-json\/wp\/v2\/users\/1"}],"replies":[{"embeddable":true,"href":"https:\/\/joylandfactory.com\/pl\/wp-json\/wp\/v2\/comments?post=1027"}],"version-history":[{"count":4,"href":"https:\/\/joylandfactory.com\/pl\/wp-json\/wp\/v2\/pages\/1027\/revisions"}],"predecessor-version":[{"id":2611,"href":"https:\/\/joylandfactory.com\/pl\/wp-json\/wp\/v2\/pages\/1027\/revisions\/2611"}],"wp:attachment":[{"href":"https:\/\/joylandfactory.com\/pl\/wp-json\/wp\/v2\/media?parent=1027"}],"curies":[{"name":"wp","href":"https:\/\/api.w.org\/{rel}","templated":true}]}}