{"id":1559,"date":"2021-07-27T11:43:49","date_gmt":"2021-07-27T09:43:49","guid":{"rendered":"https:\/\/joylandfactory.com\/?page_id=1559"},"modified":"2023-07-20T09:14:37","modified_gmt":"2023-07-20T07:14:37","slug":"online-shop","status":"publish","type":"page","link":"https:\/\/joylandfactory.com\/de\/online-shop\/","title":{"rendered":"Online Shop"},"content":{"rendered":"<p>[et_pb_section fb_built=&#8220;1&#8243; _builder_version=&#8220;4.16&#8243; _module_preset=&#8220;default&#8220; use_background_color_gradient=&#8220;on&#8220; background_color_gradient_stops=&#8220;#ffffff 82%|#bea88f 82%&#8220; background_color_gradient_start=&#8220;#ffffff&#8220; background_color_gradient_start_position=&#8220;82%&#8220; background_color_gradient_end=&#8220;#bea88f&#8220; background_color_gradient_end_position=&#8220;0%&#8220; custom_padding=&#8220;0px||0px||true|false&#8220; background_last_edited=&#8220;on|tablet&#8220; background_color_gradient_direction_tablet=&#8220;180deg&#8220; global_colors_info=&#8220;{}&#8220;][et_pb_row column_structure=&#8220;1_2,1_2&#8243; make_equal=&#8220;on&#8220; custom_padding_last_edited=&#8220;on|desktop&#8220; _builder_version=&#8220;4.16&#8243; _module_preset=&#8220;default&#8220; background_enable_color=&#8220;off&#8220; background_color_gradient_direction=&#8220;130deg&#8220; custom_padding=&#8220;3vw||3vw||true|false&#8220; custom_padding_tablet=&#8220;15vw||15vw||true|false&#8220; custom_padding_phone=&#8220;&#8220; global_colors_info=&#8220;{}&#8220;][et_pb_column type=&#8220;1_2&#8243; _builder_version=&#8220;4.16&#8243; _module_preset=&#8220;default&#8220; custom_css_main_element=&#8220;display:flex;||flex-direction:column;||justify-content:center;&#8220; global_colors_info=&#8220;{}&#8220;][et_pb_image src=&#8220;https:\/\/joylandfactory.com\/wp-content\/uploads\/2020\/12\/joyland-sygnet3.png&#8220; title_text=&#8220;joyland-sygnet3&#8243; show_bottom_space=&#8220;off&#8220; align_tablet=&#8220;center&#8220; align_phone=&#8220;&#8220; align_last_edited=&#8220;on|tablet&#8220; disabled_on=&#8220;on|on|off&#8220; _builder_version=&#8220;4.16&#8243; _module_preset=&#8220;default&#8220; z_index=&#8220;1&#8243; custom_margin=&#8220;||7px|-24px|false|false&#8220; custom_margin_tablet=&#8220;|||38px|false|false&#8220; custom_margin_phone=&#8220;|||-12px|false|false&#8220; custom_margin_last_edited=&#8220;on|desktop&#8220; locked=&#8220;off&#8220; global_colors_info=&#8220;{}&#8220;][\/et_pb_image][et_pb_text _builder_version=&#8220;4.16&#8243; _dynamic_attributes=&#8220;content&#8220; _module_preset=&#8220;b2265370-bee7-4e08-9059-dfbe0828f6a4&#8243; custom_margin=&#8220;-22px||22px||false|false&#8220; header_text_align_tablet=&#8220;center&#8220; header_text_align_phone=&#8220;&#8220; header_text_align_last_edited=&#8220;on|tablet&#8220; global_colors_info=&#8220;{}&#8220;]@ET-DC@eyJkeW5hbWljIjp0cnVlLCJjb250ZW50IjoicG9zdF90aXRsZSIsInNldHRpbmdzIjp7ImJlZm9yZSI6IjxoMT4iLCJhZnRlciI6IjwvaDE+In19@[\/et_pb_text][et_pb_text _builder_version=&#8220;4.16&#8243; _module_preset=&#8220;b2265370-bee7-4e08-9059-dfbe0828f6a4&#8243; custom_margin=&#8220;-22px||11px||false|false&#8220; header_text_align_tablet=&#8220;center&#8220; header_text_align_phone=&#8220;&#8220; header_text_align_last_edited=&#8220;on|tablet&#8220; text_orientation_tablet=&#8220;center&#8220; text_orientation_phone=&#8220;&#8220; text_orientation_last_edited=&#8220;on|tablet&#8220; global_colors_info=&#8220;{}&#8220;]<\/p>\n<p>Kaufen Sie einzelne Weihnachtskugeln in unserem Online-Shop.<\/p>\n<p>[\/et_pb_text][et_pb_button button_url=&#8220;#mc-shop&#8220; button_text=&#8220;Siehe die Kugeln&#8220; button_alignment=&#8220;left&#8220; button_alignment_tablet=&#8220;center&#8220; button_alignment_phone=&#8220;&#8220; button_alignment_last_edited=&#8220;on|tablet&#8220; _builder_version=&#8220;4.16&#8243; _module_preset=&#8220;668d1626-a281-437f-acb6-178e4a062fca&#8220; custom_margin_tablet=&#8220;20px||||false|false&#8220; custom_margin_phone=&#8220;&#8220; custom_margin_last_edited=&#8220;on|desktop&#8220; global_colors_info=&#8220;{}&#8220;][\/et_pb_button][\/et_pb_column][et_pb_column type=&#8220;1_2&#8243; _builder_version=&#8220;4.16&#8243; _module_preset=&#8220;default&#8220; background_enable_color=&#8220;off&#8220; global_colors_info=&#8220;{}&#8220;][et_pb_shop type=&#8220;featured&#8220; posts_number=&#8220;2&#8243; columns_number=&#8220;2&#8243; disabled_on=&#8220;on|on|off&#8220; _builder_version=&#8220;4.16&#8243; _module_preset=&#8220;default&#8220; custom_css_product=&#8220;background: #FFFFFF;||box-shadow: 2px 7px 9px 0px rgba(134,142,150,0.55);||height: 350px;&#8220; locked=&#8220;off&#8220; global_colors_info=&#8220;{}&#8220; transform_styles__hover_enabled=&#8220;off|desktop&#8220; custom_css_image__hover_enabled=&#8220;on|hover&#8220; custom_css_image__hover=&#8220;transform: scale(1);&#8220;][\/et_pb_shop][\/et_pb_column][\/et_pb_row][\/et_pb_section][et_pb_section fb_built=&#8220;1&#8243; module_id=&#8220;mc-shop&#8220; _builder_version=&#8220;4.16&#8243; _module_preset=&#8220;default&#8220; saved_tabs=&#8220;all&#8220; global_colors_info=&#8220;{}&#8220;][et_pb_row column_structure=&#8220;2_3,1_3&#8243; make_equal=&#8220;on&#8220; _builder_version=&#8220;4.16&#8243; _module_preset=&#8220;default&#8220; background_color=&#8220;#ffffff&#8220; max_width=&#8220;100%&#8220; custom_padding=&#8220;0px||0px||true|false&#8220; global_colors_info=&#8220;{}&#8220;][et_pb_column type=&#8220;2_3&#8243; _builder_version=&#8220;4.16&#8243; _module_preset=&#8220;default&#8220; global_colors_info=&#8220;{}&#8220;][et_pb_shop posts_number=&#8220;24&#8243; show_pagination=&#8220;on&#8220; columns_number=&#8220;4&#8243; _builder_version=&#8220;4.21.0&#8243; _module_preset=&#8220;f18d9448-52bb-421b-827f-ecab62a0ca92&#8243; global_colors_info=&#8220;{}&#8220; transform_styles__hover_enabled=&#8220;off|desktop&#8220;][\/et_pb_shop][\/et_pb_column][et_pb_column type=&#8220;1_3&#8243; _builder_version=&#8220;4.16&#8243; _module_preset=&#8220;default&#8220; global_colors_info=&#8220;{}&#8220;][et_pb_sidebar _builder_version=&#8220;4.21.0&#8243; _module_preset=&#8220;default&#8220; sticky_offset_top=&#8220;25px&#8220; hover_enabled=&#8220;0&#8243; sticky_position_tablet=&#8220;&#8220; sticky_position_phone=&#8220;&#8220; sticky_position_last_edited=&#8220;on|desktop&#8220; global_colors_info=&#8220;{}&#8220; area=&#8220;et_pb_widget_area_2&#8243; sticky_enabled=&#8220;0&#8243;][\/et_pb_sidebar][\/et_pb_column][\/et_pb_row][\/et_pb_section][et_pb_section fb_built=&#8220;1&#8243; _builder_version=&#8220;4.16&#8243; _module_preset=&#8220;default&#8220; global_colors_info=&#8220;{}&#8220;][et_pb_row column_structure=&#8220;1_2,1_2&#8243; make_equal=&#8220;on&#8220; _builder_version=&#8220;4.16&#8243; _module_preset=&#8220;default&#8220; global_colors_info=&#8220;{}&#8220;][et_pb_column type=&#8220;1_2&#8243; _builder_version=&#8220;4.16&#8243; _module_preset=&#8220;default&#8220; global_colors_info=&#8220;{}&#8220;][et_pb_text _builder_version=&#8220;4.16&#8243; _module_preset=&#8220;default&#8220; global_colors_info=&#8220;{}&#8220;]<\/p>\n<h2>Polnische Weihnachtskugeln<\/h2>\n<p>Joyland Factory ist ein Werk mit seinem Sitz in Polen. Wir haben uns immer mit diesem Land verbunden gef\u00fchlt, deshalb haben wir uns entschieden, unser Gesch\u00e4ft hier zu aufzumachen. Krzywi\u0144, wo unser Werk gelegen ist, befindet sich in der Woiwodschaft Wielkopolskie, im Landkreis Ko\u015bcian. Dabei handelt es sich um eine Stadt mit Traditionen und einer langen Geschichte, weshalb unser Unternehmen hier gegr\u00fcndet wurde. Brauchtum mit Kultur miteinander zu vereinen hie\u00df es damals! Die von uns produzierten Kugeln stammen zu hundert Prozent von hier, weshalb sie solch eine hohe Produktqualit\u00e4t aufweisen k\u00f6nnen.<\/p>\n<p>Vor vielen Jahren wurde unser Werk in Krzywi\u0144 gegr\u00fcndet, das der Produktion von polnischen Weihnachtskugeln nachgeht, die von unseren Mitarbeitern sp\u00e4ter handbemalt werden. Der Kreativit\u00e4t und Professionalit\u00e4t, die unser Gesch\u00e4ft auszeichnen, ist es zu verdanken, dass die von uns hergestellten Dekorationen ein sehr wertvolles Produkt darstellen. Sie werden dabei nicht nur zum Schm\u00fccken des Weihnachtsbaums verwendet. Es bot sich eine M\u00f6glichkeit, sie f\u00fcr Geschenke bzw. spezielle Anforderungen unserer Kunden zu personalisieren.<\/p>\n<p>[\/et_pb_text][et_pb_text _builder_version=&#8220;4.16&#8243; _module_preset=&#8220;default&#8220; global_colors_info=&#8220;{}&#8220;]<\/p>\n<h2>Weihnachtskugeln<\/h2>\n<p>Unsere h\u00e4ufigste Aufgabe ist es, Kugeln zum Schm\u00fccken von Weihnachtsb\u00e4umen herzustellen. Viele von ihnen werden in gro\u00dfen Mengen, mit dem gleichen Muster, hergestellt, um einen ausgew\u00e4hlten Baum \u00e4sthetisch und einheitlich schm\u00fccken zu k\u00f6nnen. Manchmal wird man sich als Kunde allerdings auch f\u00fcr unterschiedliche und kontrastierende Dekorationen entschieden haben, um einer gegebenen Komposition Abwechslung zu verleihen.<\/p>\n<p>Manchmal ist die Herstellung von Kugeln nicht daf\u00fcr gedacht, sie an den Weihnachtsbaum zu h\u00e4ngen. Da sie wom\u00f6glich auch personalisiert werden k\u00f6nnen, werden sie immer h\u00e4ufiger als Geschenk gew\u00e4hlt.<\/p>\n<p>[\/et_pb_text][\/et_pb_column][et_pb_column type=&#8220;1_2&#8243; _builder_version=&#8220;4.16&#8243; _module_preset=&#8220;default&#8220; custom_css_main_element=&#8220;display:flex;||flex-direction:column;||justify-content:space-between;&#8220; global_colors_info=&#8220;{}&#8220;][et_pb_text _builder_version=&#8220;4.16&#8243; _module_preset=&#8220;default&#8220; global_colors_info=&#8220;{}&#8220;]<\/p>\n<h2>Polnische handbemalte Weihnachtskugeln<\/h2>\n<p>Alle Produkte von Joyland Factory werden mit gr\u00f6\u00dftm\u00f6glicher Sorgfalt hergestellt. Die Herstellung von Weihnachtsdekorationen von Grund auf erm\u00f6glicht es uns, ihre Qualit\u00e4t w\u00e4hrend des gesamten Prozesses ihrer Entstehung zu kontrollieren. Als Unternehmen, das das Vertrauen vieler Kunden gewonnen hat, k\u00f6nnen wir uns nicht einmal den kleinsten Fehler leisten, daher ist die Raffinesse, mit der unsere Produkte entstehen, ein sehr wichtiger Produktionsaspekt. Der Leitgedanke unseres Unternehmens ist das Detail, das bei uns im Hause mit gr\u00f6\u00dfter Sorgfalt angegangen wird. Sowohl bei der Erstellung von Einzelhandels- als auch Gro\u00dfhandelsauftr\u00e4gen, wird in jedem Fall die gleiche Menge an Arbeit und Herz da reingesteckt.<\/p>\n<p>[\/et_pb_text][et_pb_text _builder_version=&#8220;4.16&#8243; _module_preset=&#8220;default&#8220; global_colors_info=&#8220;{}&#8220;]<\/p>\n<h2>Polnische Glaskugeln<\/h2>\n<p>Unser Unternehmen geht der Produktion von Glaskugeln schon viele Jahre nach. Die traditionelle Herstellung von ihnen ist unsere Spezialit\u00e4t, die wir diese Technik seit den Anf\u00e4ngen von Joyland Factory praktiziert haben. Die im Laufe der Jahre von unseren Mitarbeitern erworbenen F\u00e4higkeiten erm\u00f6glichen es uns, einzigartige Produkte fertigen zu k\u00f6nnen.<\/p>\n<p>Unsere polnischen Weihnachtskugeln werden seit vielen Jahren von Hand bemalt, wodurch wir uns um ihr jedes Detail k\u00fcmmern k\u00f6nnen. Die Pflege der Tradition ist f\u00fcr uns ein sehr wichtiger Aspekt, der uns von vielen Unternehmen unterscheidet, die sich auch mit der Herstellung von Weihnachtsschmuck besch\u00e4ftigen.<\/p>\n<p>[\/et_pb_text][\/et_pb_column][\/et_pb_row][et_pb_row _builder_version=&#8220;4.16&#8243; _module_preset=&#8220;default&#8220; global_colors_info=&#8220;{}&#8220;][et_pb_column type=&#8220;4_4&#8243; _builder_version=&#8220;4.16&#8243; _module_preset=&#8220;default&#8220; global_colors_info=&#8220;{}&#8220;][et_pb_text _builder_version=&#8220;4.16&#8243; _module_preset=&#8220;default&#8220; global_colors_info=&#8220;{}&#8220;]<\/p>\n<h2>Handmalerei \u2013 Tradition geht vor<\/h2>\n<p>Alle von uns hergestellten Kugeln und Weihnachtsdekorationen werden von Hand bemalt. Diese Arbeit erm\u00f6glicht es uns, alle Weihnachtsdekorationen, die in unserem Werk entstehen, einer Kontrolle zu unterziehen und sorgf\u00e4ltig herzustellen. Die Anwendung dieser Behandlung erm\u00f6glicht es uns, bessere Ergebnisse zu erzielen, die sich stark auf das Gesamtbild der von uns erstellten Dekorationen auswirken.<\/p>\n<p>Unser Team von erfahrenen Dekorateuren und K\u00fcnstlern f\u00fchrt die ihnen anvertrauten Aufgaben mit gr\u00f6\u00dftm\u00f6glicher Sorgfalt aus, weshalb die von uns erstellten handbemalten Kugeln sich solch einer gro\u00dfen Beliebtheit auf dem Markt erfreuen. Pr\u00e4zision, die bei dieser Art von Arbeit sehr wichtig ist, steht f\u00fcr uns an erster Stelle.<\/p>\n<p>Die von unserer Firma dekorierten Kunstwerke m\u00fcssen nicht nur aus der Ferne, sondern auch aus der N\u00e4he ein gutes Bild abgeben. Aus diesem Grund hat die Liebe zum Detail einen gro\u00dfen Einfluss auf das Endresultat unserer Arbeit.<\/p>\n<p>Die Pflege der Tradition in Verbindung mit dem aktiven Familienkreis wirkt sich sehr positiv auf unsere Arbeit aus, weshalb sie auf dem polnischen und ausl\u00e4ndischen Markt so gesch\u00e4tzt wird.<\/p>\n<p>[\/et_pb_text][\/et_pb_column][\/et_pb_row][\/et_pb_section]<\/p>\n","protected":false},"excerpt":{"rendered":"<p>Kaufen Sie einzelne Weihnachtskugeln in unserem Online-Shop.Polnische Weihnachtskugeln Joyland Factory ist ein Werk mit seinem Sitz in Polen. Wir haben uns immer mit diesem Land verbunden gef\u00fchlt, deshalb haben wir uns entschieden, unser Gesch\u00e4ft hier zu aufzumachen. Krzywi\u0144, wo unser Werk gelegen ist, befindet sich in der Woiwodschaft Wielkopolskie, im Landkreis Ko\u015bcian. Dabei handelt es [&hellip;]<\/p>\n","protected":false},"author":1,"featured_media":0,"parent":0,"menu_order":0,"comment_status":"closed","ping_status":"closed","template":"","meta":{"_et_pb_use_builder":"on","_et_pb_old_content":"","_et_gb_content_width":"","footnotes":""},"class_list":["post-1559","page","type-page","status-publish","hentry"],"yoast_head":"<!-- This site is optimized with the Yoast SEO plugin v27.4 - https:\/\/yoast.com\/product\/yoast-seo-wordpress\/ -->\n<title>Online Shop - Joyland Factory<\/title>\n<meta name=\"description\" content=\"Online Shop - Discover the enchanting world of christmas baubles in Joyland Factory.\" \/>\n<meta name=\"robots\" content=\"index, follow, max-snippet:-1, max-image-preview:large, max-video-preview:-1\" \/>\n<link rel=\"canonical\" href=\"https:\/\/joylandfactory.com\/de\/online-shop\/\" \/>\n<meta property=\"og:locale\" content=\"de_DE\" \/>\n<meta property=\"og:type\" content=\"article\" \/>\n<meta property=\"og:title\" content=\"Online Shop - Joyland Factory\" \/>\n<meta property=\"og:description\" content=\"Online Shop - Discover the enchanting world of christmas baubles in Joyland Factory.\" \/>\n<meta property=\"og:url\" content=\"https:\/\/joylandfactory.com\/de\/online-shop\/\" \/>\n<meta property=\"og:site_name\" content=\"Joyland Factory\" \/>\n<meta property=\"article:modified_time\" content=\"2023-07-20T07:14:37+00:00\" \/>\n<meta name=\"twitter:card\" content=\"summary_large_image\" \/>\n<meta name=\"twitter:label1\" content=\"Gesch\u00e4tzte Lesezeit\" \/>\n\t<meta name=\"twitter:data1\" content=\"4\u00a0Minuten\" \/>\n<script type=\"application\/ld+json\" class=\"yoast-schema-graph\">{\"@context\":\"https:\\\/\\\/schema.org\",\"@graph\":[{\"@type\":\"WebPage\",\"@id\":\"https:\\\/\\\/joylandfactory.com\\\/de\\\/online-shop\\\/\",\"url\":\"https:\\\/\\\/joylandfactory.com\\\/de\\\/online-shop\\\/\",\"name\":\"Online Shop - Joyland Factory\",\"isPartOf\":{\"@id\":\"https:\\\/\\\/joylandfactory.com\\\/#website\"},\"datePublished\":\"2021-07-27T09:43:49+00:00\",\"dateModified\":\"2023-07-20T07:14:37+00:00\",\"description\":\"Online Shop - Discover the enchanting world of christmas baubles in Joyland Factory.\",\"breadcrumb\":{\"@id\":\"https:\\\/\\\/joylandfactory.com\\\/de\\\/online-shop\\\/#breadcrumb\"},\"inLanguage\":\"de\",\"potentialAction\":[{\"@type\":\"ReadAction\",\"target\":[\"https:\\\/\\\/joylandfactory.com\\\/de\\\/online-shop\\\/\"]}]},{\"@type\":\"BreadcrumbList\",\"@id\":\"https:\\\/\\\/joylandfactory.com\\\/de\\\/online-shop\\\/#breadcrumb\",\"itemListElement\":[{\"@type\":\"ListItem\",\"position\":1,\"name\":\"Home\",\"item\":\"https:\\\/\\\/joylandfactory.com\\\/de\\\/\"},{\"@type\":\"ListItem\",\"position\":2,\"name\":\"Online Shop\"}]},{\"@type\":\"WebSite\",\"@id\":\"https:\\\/\\\/joylandfactory.com\\\/#website\",\"url\":\"https:\\\/\\\/joylandfactory.com\\\/\",\"name\":\"Joyland Factory\",\"description\":\"Producent bombek choinkowych oraz okoliczno\u015bciowych\",\"potentialAction\":[{\"@type\":\"SearchAction\",\"target\":{\"@type\":\"EntryPoint\",\"urlTemplate\":\"https:\\\/\\\/joylandfactory.com\\\/?s={search_term_string}\"},\"query-input\":{\"@type\":\"PropertyValueSpecification\",\"valueRequired\":true,\"valueName\":\"search_term_string\"}}],\"inLanguage\":\"de\"}]}<\/script>\n<!-- \/ Yoast SEO plugin. -->","yoast_head_json":{"title":"Online Shop - Joyland Factory","description":"Online Shop - Discover the enchanting world of christmas baubles in Joyland Factory.","robots":{"index":"index","follow":"follow","max-snippet":"max-snippet:-1","max-image-preview":"max-image-preview:large","max-video-preview":"max-video-preview:-1"},"canonical":"https:\/\/joylandfactory.com\/de\/online-shop\/","og_locale":"de_DE","og_type":"article","og_title":"Online Shop - Joyland Factory","og_description":"Online Shop - Discover the enchanting world of christmas baubles in Joyland Factory.","og_url":"https:\/\/joylandfactory.com\/de\/online-shop\/","og_site_name":"Joyland Factory","article_modified_time":"2023-07-20T07:14:37+00:00","twitter_card":"summary_large_image","twitter_misc":{"Gesch\u00e4tzte Lesezeit":"4\u00a0Minuten"},"schema":{"@context":"https:\/\/schema.org","@graph":[{"@type":"WebPage","@id":"https:\/\/joylandfactory.com\/de\/online-shop\/","url":"https:\/\/joylandfactory.com\/de\/online-shop\/","name":"Online Shop - Joyland Factory","isPartOf":{"@id":"https:\/\/joylandfactory.com\/#website"},"datePublished":"2021-07-27T09:43:49+00:00","dateModified":"2023-07-20T07:14:37+00:00","description":"Online Shop - Discover the enchanting world of christmas baubles in Joyland Factory.","breadcrumb":{"@id":"https:\/\/joylandfactory.com\/de\/online-shop\/#breadcrumb"},"inLanguage":"de","potentialAction":[{"@type":"ReadAction","target":["https:\/\/joylandfactory.com\/de\/online-shop\/"]}]},{"@type":"BreadcrumbList","@id":"https:\/\/joylandfactory.com\/de\/online-shop\/#breadcrumb","itemListElement":[{"@type":"ListItem","position":1,"name":"Home","item":"https:\/\/joylandfactory.com\/de\/"},{"@type":"ListItem","position":2,"name":"Online Shop"}]},{"@type":"WebSite","@id":"https:\/\/joylandfactory.com\/#website","url":"https:\/\/joylandfactory.com\/","name":"Joyland Factory","description":"Producent bombek choinkowych oraz okoliczno\u015bciowych","potentialAction":[{"@type":"SearchAction","target":{"@type":"EntryPoint","urlTemplate":"https:\/\/joylandfactory.com\/?s={search_term_string}"},"query-input":{"@type":"PropertyValueSpecification","valueRequired":true,"valueName":"search_term_string"}}],"inLanguage":"de"}]}},"_links":{"self":[{"href":"https:\/\/joylandfactory.com\/de\/wp-json\/wp\/v2\/pages\/1559","targetHints":{"allow":["GET"]}}],"collection":[{"href":"https:\/\/joylandfactory.com\/de\/wp-json\/wp\/v2\/pages"}],"about":[{"href":"https:\/\/joylandfactory.com\/de\/wp-json\/wp\/v2\/types\/page"}],"author":[{"embeddable":true,"href":"https:\/\/joylandfactory.com\/de\/wp-json\/wp\/v2\/users\/1"}],"replies":[{"embeddable":true,"href":"https:\/\/joylandfactory.com\/de\/wp-json\/wp\/v2\/comments?post=1559"}],"version-history":[{"count":5,"href":"https:\/\/joylandfactory.com\/de\/wp-json\/wp\/v2\/pages\/1559\/revisions"}],"predecessor-version":[{"id":4320,"href":"https:\/\/joylandfactory.com\/de\/wp-json\/wp\/v2\/pages\/1559\/revisions\/4320"}],"wp:attachment":[{"href":"https:\/\/joylandfactory.com\/de\/wp-json\/wp\/v2\/media?parent=1559"}],"curies":[{"name":"wp","href":"https:\/\/api.w.org\/{rel}","templated":true}]}}